{"id":4,"date":"2016-02-12T07:54:41","date_gmt":"2016-02-12T07:54:41","guid":{"rendered":"http:\/\/demos.famethemes.com\/onepress\/?page_id=4"},"modified":"2020-04-01T15:29:54","modified_gmt":"2020-04-01T13:29:54","slug":"conciergerie","status":"publish","type":"page","link":"https:\/\/lesclesbiarrotes.com\/","title":{"rendered":"Conciergerie Biarritz"},"content":{"rendered":"<p>Optimiser les revenus de votre appartement de vacances<br \/>\nen toute s\u00e9curit\u00e9 gr\u00e2ce \u00e0 nos services de conciergerie sur mesure. Confiez le nous, on s\u2019occupe de tout !<\/p>\n<p><strong>Visite de votre bien<\/strong><\/p>\n<p>D\u00e9couverte du logement, relev\u00e9 de ses \u00e9quipements et particularit\u00e9s, prise de photos HD et d\u00e9finition des modalit\u00e9s et tarifs de location. <\/p>\n<p><strong>Optimisation de votre annonce<\/strong><\/p>\n<p>Cr\u00e9ation ou reprise d\u2019une annonce sur Airbnb ou toute autre plates-forme. Gestion des r\u00e9servations, du loyer et de la r\u00e9putation.<\/p>\n<p><strong>Conciergerie, gestion des arriv\u00e9es et d\u00e9parts<\/strong><\/p>\n<figure id=\"attachment_13\" aria-describedby=\"caption-attachment-13\" style=\"width: 300px\" class=\"wp-caption alignnone\"><img data-recalc-dims=\"1\" loading=\"lazy\" decoding=\"async\" src=\"https:\/\/i0.wp.com\/temp.lesclesbiarrotes.com\/wp-content\/uploads\/2016\/11\/rocher-biarritz-cote-basque-300x199.jpg?resize=300%2C199&#038;ssl=1\" alt=\"Conciergerie Biarritz Pays-Basque Location Vacances\" width=\"300\" height=\"199\" class=\"size-medium wp-image-13\" srcset=\"https:\/\/i0.wp.com\/lesclesbiarrotes.com\/wp-content\/uploads\/2016\/11\/rocher-biarritz-cote-basque.jpg?resize=300%2C199&amp;ssl=1 300w, https:\/\/i0.wp.com\/lesclesbiarrotes.com\/wp-content\/uploads\/2016\/11\/rocher-biarritz-cote-basque.jpg?resize=768%2C510&amp;ssl=1 768w, https:\/\/i0.wp.com\/lesclesbiarrotes.com\/wp-content\/uploads\/2016\/11\/rocher-biarritz-cote-basque.jpg?resize=1024%2C680&amp;ssl=1 1024w, https:\/\/i0.wp.com\/lesclesbiarrotes.com\/wp-content\/uploads\/2016\/11\/rocher-biarritz-cote-basque.jpg?w=1280&amp;ssl=1 1280w\" sizes=\"auto, (max-width: 300px) 100vw, 300px\" \/><figcaption id=\"caption-attachment-13\" class=\"wp-caption-text\">Conciergerie Biarritz Pays-Basque Location Vacances<\/figcaption><\/figure>\n<p>Check-in \/ Check-out multilingue, incluant une visite des lieux et remise d\u2019un kit de bienvenue pour l\u2019arriv\u00e9e ainsi qu\u2019une v\u00e9rification des lieux, la gestion du m\u00e9nage et du linge de maison pour les d\u00e9parts<\/p>\n<p><strong>Assistance aux voyageurs<\/strong><\/p>\n<p>Conseils touristiques, gestion des impr\u00e9vus, d\u00e9g\u00e2ts des eaux, pannes, perte de clefs, etc. <\/p>\n<p>DEVENEZ &#8220;SUPERHOST&#8221; GR\u00c2CE \u00c0 NOS SERVICES \u00c0 LA CARTE<\/p>\n<p><strong>Qualit\u00e9 et proximit\u00e9<\/strong><\/p>\n<p>La qualit\u00e9 du service est notre valeur fondamentale : de la gestion de l\u2019annonce au choix des locataires, de la pr\u00e9paration du bien \u00e0 l\u2019accueil et tout au long du s\u00e9jour jusqu\u2019au d\u00e9part. Notre disponibilit\u00e9 garantira aux locataires un s\u00e9jour inoubliable sur la C\u00f4te Basque.<\/p>\n<p><strong>Une solution de confiance<\/strong><\/p>\n<p>Parce que nous savons qu\u2019il est difficile de g\u00e9rer la location de son appartement de vacances \u00e0 distance, alors qu\u2019il pourrait g\u00e9n\u00e9rer des revenus suppl\u00e9mentaires confortables et r\u00e9guliers. Nous avons cr\u00e9\u00e9 Les Cl\u00e9s Biarrotes. Une vraie solution de confiance pour les propri\u00e9taires. De la r\u00e9servation, au d\u00e9part des voyageurs, en passant par des conseils personnalis\u00e9s, nous saurons fid\u00e9liser vos locataires en leur assurant un excellent s\u00e9jour au Pays Basque.<\/p>\n<p><strong>Le respect de votre bien<\/strong><\/p>\n<p>Le respect des biens qui nous sont confi\u00e9s est tr\u00e8s important. Nous somme particuli\u00e8rement vigilant sur la s\u00e9lection de vos futurs locataires et v\u00e9rifions syst\u00e9matiquement leur profil.<\/p>\n","protected":false},"excerpt":{"rendered":"<p>Optimiser les revenus de votre appartement de vacances en toute s\u00e9curit\u00e9 gr\u00e2ce \u00e0 nos services de conciergerie sur mesure. Confiez le nous, on s\u2019occupe de tout ! Visite de votre &#8230;<\/p>\n","protected":false},"author":1,"featured_media":0,"parent":0,"menu_order":0,"comment_status":"closed","ping_status":"closed","template":"template-frontpage.php","meta":{"jetpack_post_was_ever_published":false,"footnotes":""},"class_list":["post-4","page","type-page","status-publish","hentry"],"jetpack_sharing_enabled":true,"jetpack_shortlink":"https:\/\/wp.me\/P8ef2G-4","_links":{"self":[{"href":"https:\/\/lesclesbiarrotes.com\/index.php\/wp-json\/wp\/v2\/pages\/4","targetHints":{"allow":["GET"]}}],"collection":[{"href":"https:\/\/lesclesbiarrotes.com\/index.php\/wp-json\/wp\/v2\/pages"}],"about":[{"href":"https:\/\/lesclesbiarrotes.com\/index.php\/wp-json\/wp\/v2\/types\/page"}],"author":[{"embeddable":true,"href":"https:\/\/lesclesbiarrotes.com\/index.php\/wp-json\/wp\/v2\/users\/1"}],"replies":[{"embeddable":true,"href":"https:\/\/lesclesbiarrotes.com\/index.php\/wp-json\/wp\/v2\/comments?post=4"}],"version-history":[{"count":14,"href":"https:\/\/lesclesbiarrotes.com\/index.php\/wp-json\/wp\/v2\/pages\/4\/revisions"}],"predecessor-version":[{"id":7606,"href":"https:\/\/lesclesbiarrotes.com\/index.php\/wp-json\/wp\/v2\/pages\/4\/revisions\/7606"}],"wp:attachment":[{"href":"https:\/\/lesclesbiarrotes.com\/index.php\/wp-json\/wp\/v2\/media?parent=4"}],"curies":[{"name":"wp","href":"https:\/\/api.w.org\/{rel}","templated":true}]}}