{"id":24,"date":"2016-02-12T08:13:06","date_gmt":"2016-02-12T08:13:06","guid":{"rendered":"http:\/\/demos.famethemes.com\/onepress\/?page_id=24"},"modified":"2017-04-02T22:22:14","modified_gmt":"2017-04-02T20:22:14","slug":"service-title-2","status":"publish","type":"page","link":"https:\/\/lesclesbiarrotes.com\/index.php\/service-title-2\/","title":{"rendered":"Le respect de votre bien"},"content":{"rendered":"<p>Le respect des biens qui nous sont confi\u00e9s est tr\u00e8s important. Nous somme particuli\u00e8rement vigilants sur la s\u00e9lection de vos futurs locataires et v\u00e9rifions syst\u00e9matiquement leur profil.<\/p>\n","protected":false},"excerpt":{"rendered":"<p>Le respect des biens qui nous sont confi\u00e9s est tr\u00e8s important. Nous somme particuli\u00e8rement vigilants sur la s\u00e9lection de vos futurs locataires et v\u00e9rifions syst\u00e9matiquement leur profil.<\/p>\n","protected":false},"author":1,"featured_media":0,"parent":0,"menu_order":0,"comment_status":"closed","ping_status":"closed","template":"","meta":{"jetpack_post_was_ever_published":false,"footnotes":""},"class_list":["post-24","page","type-page","status-publish","hentry"],"jetpack_sharing_enabled":true,"jetpack_shortlink":"https:\/\/wp.me\/P8ef2G-o","_links":{"self":[{"href":"https:\/\/lesclesbiarrotes.com\/index.php\/wp-json\/wp\/v2\/pages\/24","targetHints":{"allow":["GET"]}}],"collection":[{"href":"https:\/\/lesclesbiarrotes.com\/index.php\/wp-json\/wp\/v2\/pages"}],"about":[{"href":"https:\/\/lesclesbiarrotes.com\/index.php\/wp-json\/wp\/v2\/types\/page"}],"author":[{"embeddable":true,"href":"https:\/\/lesclesbiarrotes.com\/index.php\/wp-json\/wp\/v2\/users\/1"}],"replies":[{"embeddable":true,"href":"https:\/\/lesclesbiarrotes.com\/index.php\/wp-json\/wp\/v2\/comments?post=24"}],"version-history":[{"count":6,"href":"https:\/\/lesclesbiarrotes.com\/index.php\/wp-json\/wp\/v2\/pages\/24\/revisions"}],"predecessor-version":[{"id":1303,"href":"https:\/\/lesclesbiarrotes.com\/index.php\/wp-json\/wp\/v2\/pages\/24\/revisions\/1303"}],"wp:attachment":[{"href":"https:\/\/lesclesbiarrotes.com\/index.php\/wp-json\/wp\/v2\/media?parent=24"}],"curies":[{"name":"wp","href":"https:\/\/api.w.org\/{rel}","templated":true}]}}